{"id":16238,"date":"2019-04-19T09:13:53","date_gmt":"2019-04-19T09:13:53","guid":{"rendered":"https:\/\/www.thestorefront.com\/mag\/?page_id=16238"},"modified":"2026-01-29T16:39:08","modified_gmt":"2026-01-29T16:39:08","slug":"guide-agence-pop-up-store","status":"publish","type":"page","link":"https:\/\/www.thestorefront.com\/fr\/go\/guide-agence-pop-up-store\/","title":{"rendered":"Agency Guide"},"content":{"rendered":"\n<div class=\"wp-block-qubely-row alignfull qubely-section qubely-block-9ab215\"><div class=\"qubely-row-overlay\"><\/div><div class=\"qubely-container\"><div class=\"qubely-row \">\n<div class=\"wp-block-qubely-column qubely-column qubely-column-front qubely-block-e8bbcd\"><div class=\"qubely-column-inner\">\n<div class=\"wp-block-qubely-row qubely-section qubely-block-baa1ce\"><div class=\"qubely-row-overlay\"><\/div><div class=\"qubely-container-fluid\"><div class=\"qubely-row \">\n<div class=\"wp-block-qubely-column qubely-column qubely-column-front qubely-block-11d6d7\"><div class=\"qubely-column-inner\">\n<div class=\"wp-block-qubely-heading qubely-block-1bb4d5\"><div class=\"qubely-block-heading  \"><div class=\"qubely-heading-container\"><h1 class=\"qubely-heading-selector\"><strong>Guide du pop-up store sp\u00e9cial Agence<\/strong><\/h1><\/div><h3 class=\"qubely-sub-heading-selector\">D\u00e9couvrez comment ouvrir une boutique \u00e9ph\u00e9m\u00e8re dans la ville de votre choix<\/h3><\/div><\/div>\n<\/div><\/div>\n<\/div><\/div><\/div>\n\n\n\n<div class=\"wp-block-qubely-row alignfull qubely-section qubely-block-6415ad\"><div class=\"qubely-row-overlay\"><\/div><div class=\"qubely-container\"><div class=\"qubely-row \">\n<div class=\"wp-block-qubely-column qubely-column qubely-column-front qubely-block-f79c8e\"><div class=\"qubely-column-inner\">\n<div class=\"wp-block-qubely-image qubely-block-355136\"><div class=\"qubely-block-image  qubely-image-layout-simple\"><div class=\"qubely-image-media qubely-vertical-alignment-center qubely-horizontal-alignment-center\"><figure><div class=\"qubely-image-container\"><a href=\"https:\/\/storefront.formaloo.me\/1hopbi\"><img decoding=\"async\" class=\"qubely-image-image\" src=\"https:\/\/www.thestorefront.com\/mag\/wp-content\/uploads\/2026\/01\/agency-guide-image-fr.jpg\" alt=\"Agency Guide\"\/><\/a><\/div><\/figure><\/div><\/div><\/div>\n\n\n\n<div class=\"wp-block-qubely-heading qubely-block-ddf524\" id=\"2-get-your-brand-in-front-of-the-right-people\"><div class=\"qubely-block-heading  \"><div class=\"qubely-heading-container\"><h2 class=\"qubely-heading-selector\">Pourquoi le pop-up store est une strat\u00e9gie gagnante ?<\/h2><\/div><\/div><\/div>\n\n\n\n<div class=\"wp-block-qubely-text qubely-block-1e7a3b\"><div class=\"qubely-block-text  \"><p>Les \u00e9v\u00e9nements pop-up prennent de plus en plus de place dans les strat\u00e9gies de marques. Le pop-up store s\u2019invite de plus en plus dans les strat\u00e9gies de marque. Le concept s\u00e9duit aussi les agences, qui y pensent davantage aujourd\u2019hui au moment d\u2019\u00e9laborer les plans d\u2019action de leurs clients. Agences RP, m\u00e9dia, conseil ou social media : il y a tout \u00e0 miser sur l\u2019\u00e9v\u00e9nement \u00e9ph\u00e9m\u00e8re et ses possibilit\u00e9s. N\u2019h\u00e9sitez plus \u00e0 offrir \u00e0 votre client une exp\u00e9rience m\u00e9morable et de cr\u00e9er le buzz aupr\u00e8s de sa client\u00e8le.<br>Voir plus de nos guides et ressources\u00a0<a href=\"https:\/\/www.thestorefront.com\/fr\/go\/resources\/\" target=\"_blank\" rel=\"noreferrer noopener\" class=\"ek-link\"><strong><span class=\"has-inline-color has-vivid-green-cyan-color\">ici<\/span><\/strong><\/a><\/p><\/div><\/div>\n<\/div><\/div>\n\n\n\n<div class=\"wp-block-qubely-column qubely-column qubely-column-front qubely-block-dff454\"><div class=\"qubely-column-inner\">\n<div class=\"wp-block-qubely-wrapper aligncenter qubely-block-feab98\" data-qubelyanimation=\"{&quot;animation&quot;:&quot;slide&quot;,&quot;name&quot;:&quot;slideRight&quot;,&quot;repeat&quot;:&quot;once&quot;,&quot;direction&quot;:&quot;Right&quot;,&quot;duration&quot;:&quot;1200&quot;,&quot;delay&quot;:0,&quot;curve&quot;:&quot;ease-in-out&quot;,&quot;openAnimation&quot;:1}\"><div class=\"qubely-block-wrapper-block \">\n<div class=\"wp-block-qubely-heading qubely-block-3be8a6\" id=\"details-form\"><div class=\"qubely-block-heading  \"><div class=\"qubely-heading-container\"><h4 class=\"qubely-heading-selector\">T\u00e9l\u00e9charger le guide<\/h4><\/div><\/div><\/div>\n\n\n\n<div class=\"wp-block-qubely-button qubely-block-d37399\"><div class=\"qubely-block-btn-wrapper \"><div class=\"qubely-block-btn\"><a class=\"qubely-block-btn-anchor is-large\" href=\"https:\/\/storefront.formaloo.me\/1hopbi\">T\u00e9l\u00e9chargez<\/a><\/div><\/div><\/div>\n\n\n\n<p style=\"font-size:12px\">Nous traiterons vos coordonn\u00e9es conform\u00e9ment \u00e0 notre <a href=\"https:\/\/www.thestorefront.com\/fr\/privacy-policy\">politique de confidentialit\u00e9<\/a>. Si vous pr\u00e9f\u00e9rez ne pas recevoir d&#8217;emails marketing de la part de Space to Pop, vous pouvez vous d\u00e9sinscrire de toutes les communications marketing ou personnaliser vos pr\u00e9f\u00e9rences <a href=\"https:\/\/pages.thestorefront.com\/PreferenceCenter.html\">ici<\/a>.<\/p>\n<\/div><\/div>\n<\/div><\/div>\n<\/div><\/div><\/div>\n\n\n\n<div class=\"wp-block-qubely-row qubely-section qubely-block-f6e5d1\"><div class=\"qubely-row-overlay\"><\/div><div class=\"qubely-container\"><div class=\"qubely-row \">\n<div class=\"wp-block-qubely-column qubely-column qubely-column-front qubely-block-ef8df5\"><div class=\"qubely-column-inner\">\n<div class=\"wp-block-qubely-heading qubely-block-4f0f3a\"><div class=\"qubely-block-heading  \"><div class=\"qubely-heading-container\"><h2 class=\"qubely-heading-selector\">Pr\u00eat \u00e0 appara\u00eetre?<\/h2><\/div><\/div><\/div>\n\n\n\n<div style=\"height:40px\" aria-hidden=\"true\" class=\"wp-block-spacer\"><\/div>\n\n\n\n<iframe class=\"\" style=\"width: 100%; max-width: 100%; height: 2;\" src=\"https:\/\/www.thestorefront.com\/fr\/partner-partials\/search\" frameborder=\"0\"><\/iframe>\n\n\n\n<div class=\"wp-block-qubely-heading qubely-block-684827\"><div class=\"qubely-block-heading  \"><div class=\"qubely-heading-container\"><h2 class=\"qubely-heading-selector\">L&rsquo;espace parfait en 3 clics<\/h2><\/div><\/div><\/div>\n<\/div><\/div>\n<\/div><\/div><\/div>\n<\/div><\/div>\n<\/div><\/div><\/div>\n\n\n\n<div class=\"wp-block-qubely-row qubely-section qubely-block-1f4d1f\"><div class=\"qubely-row-overlay\"><\/div><div class=\"qubely-container\"><div class=\"qubely-row \">\n<div class=\"wp-block-qubely-column qubely-column qubely-column-front qubely-block-cbed61\"><div class=\"qubely-column-inner\">\n<div class=\"wp-block-qubely-heading qubely-block-d4831e\"><div class=\"qubely-block-heading  qubely-has-separator qubely-separator-position-leftright\"><div class=\"qubely-heading-container\"><div class=\"qubely-separator qubely-separator-before\"><span class=\"qubely-separator-type-css qubely-separator-solid\"><\/span><\/div><h2 class=\"qubely-heading-selector\">L&rsquo;espace \u00e9ph\u00e9m\u00e8re id\u00e9al<\/h2><div class=\"qubely-separator qubely-separator-after\"><span class=\"qubely-separator-type-css qubely-separator-solid\"><\/span><\/div><\/div><\/div><\/div>\n\n\n\n<div class=\"wp-block-qubely-heading qubely-block-d206ca\"><div class=\"qubely-block-heading  \"><div class=\"qubely-heading-container\"><h2 class=\"qubely-heading-selector\">Louer un espace<\/h2><\/div><\/div><\/div>\n\n\n\n<div class=\"wp-block-qubely-row qubely-section qubely-block-81119f\"><div class=\"qubely-row-overlay\"><\/div><div class=\"qubely-container-fluid\"><div class=\"qubely-row \">\n<div class=\"wp-block-qubely-column qubely-column qubely-column-front qubely-block-e7f3b2\"><div class=\"qubely-column-inner\">\n<div class=\"wp-block-qubely-image qubely-block-c294ea\"><div class=\"qubely-block-image  qubely-image-layout-simple\"><div class=\"qubely-image-media qubely-vertical-alignment-center qubely-horizontal-alignment-center\"><figure><div class=\"qubely-image-container\"><img decoding=\"async\" class=\"qubely-image-image\" src=\"https:\/\/www.thestorefront.com\/mag\/wp-content\/uploads\/2026\/01\/20170322_BS_DrH_926.jpg\" alt=\"\"\/><\/div><\/figure><\/div><\/div><\/div>\n<\/div><\/div>\n\n\n\n<div class=\"wp-block-qubely-column qubely-column qubely-column-front qubely-block-8a6b92\"><div class=\"qubely-column-inner\">\n<div class=\"wp-block-qubely-text qubely-block-c64d26\"><div class=\"qubely-block-text  \"><div class=\"qubely-block-text-title-container  qubely-separator-position-bottom\"><div class=\"qubely-block-text-title-inner\"><h3 class=\"qubely-block-text-title\">Louer un espace sur Space to Pop est extr\u00eamement simple.<\/h3><\/div><\/div><p>Avec des milliers d&rsquo;espaces disponibles sur notre plateforme, vous pouvez faire autant de recherches et de demandes que vous souhaitez.<br><strong>Astuce Space to Pop : envoyer plus d&rsquo;une demande augmente vos chances de trouver l&rsquo;espace id\u00e9al !<\/strong><\/p><\/div><\/div>\n\n\n\n<div class=\"wp-block-qubely-button qubely-block-59905c\"><div class=\"qubely-block-btn-wrapper \"><div class=\"qubely-block-btn\"><a class=\"qubely-block-btn-anchor is-large\" href=\"https:\/\/www.thestorefront.com\/fr\/search\"><strong>LOUER UN ESPACE<\/strong><\/a><\/div><\/div><\/div>\n<\/div><\/div>\n<\/div><\/div><\/div>\n<\/div><\/div>\n<\/div><\/div><\/div>\n\n\n\n<div class=\"wp-block-qubely-row qubely-section qubely-block-11fa88\"><div class=\"qubely-row-overlay\"><\/div><div class=\"qubely-container\"><div class=\"qubely-row \">\n<div class=\"wp-block-qubely-column qubely-column qubely-column-front qubely-block-c88908\"><div class=\"qubely-column-inner\">\n<div class=\"wp-block-qubely-heading qubely-block-a0911b\"><div class=\"qubely-block-heading  qubely-has-separator qubely-separator-position-leftright\"><div class=\"qubely-heading-container\"><div class=\"qubely-separator qubely-separator-before\"><span class=\"qubely-separator-type-css qubely-separator-solid\"><\/span><\/div><h2 class=\"qubely-heading-selector\">Mettre un espace en ligne<\/h2><div class=\"qubely-separator qubely-separator-after\"><span class=\"qubely-separator-type-css qubely-separator-solid\"><\/span><\/div><\/div><\/div><\/div>\n\n\n\n<div class=\"wp-block-qubely-row qubely-section qubely-block-6bc6ca\"><div class=\"qubely-row-overlay\"><\/div><div class=\"qubely-container-fluid\"><div class=\"qubely-row \">\n<div class=\"wp-block-qubely-column qubely-column qubely-column-front qubely-block-0ed343\"><div class=\"qubely-column-inner\">\n<div class=\"wp-block-qubely-text qubely-block-d8645b\"><div class=\"qubely-block-text  \"><div class=\"qubely-block-text-title-container  qubely-separator-position-top\"><div class=\"qubely-block-text-title-inner\"><h3 class=\"qubely-block-text-title\">Publiez votre espace sur Space to Pop pour acc\u00e9der \u00e0 des milliers de locataires dans le monde entier !<\/h3><\/div><\/div><p>Dot\u00e9 d&rsquo;un r\u00e9seau de marques unique au monde, Space to Pop vous mettra en contact avec les plus grands acteurs du retail afin de transformer votre espace vacant en une vitrine populaire.<br><br><strong>Sur notre plateforme, vous pouvez mettre en ligne votre espace pour une courte dur\u00e9e en moins de 5 minutes.<\/strong><\/p><\/div><\/div>\n\n\n\n<div class=\"wp-block-qubely-button qubely-block-0afc08\"><div class=\"qubely-block-btn-wrapper \"><div class=\"qubely-block-btn\"><a class=\"qubely-block-btn-anchor is-large\" href=\"https:\/\/www.thestorefront.com\/fr\/search\"><strong>Mettre un espace en ligne<\/strong><\/a><\/div><\/div><\/div>\n<\/div><\/div>\n\n\n\n<div class=\"wp-block-qubely-column qubely-column qubely-column-front qubely-block-b881dd\"><div class=\"qubely-column-inner\">\n<div class=\"wp-block-qubely-image qubely-block-d6fdbf\"><div class=\"qubely-block-image  qubely-image-layout-simple\"><div class=\"qubely-image-media qubely-vertical-alignment-center qubely-horizontal-alignment-center\"><figure><div class=\"qubely-image-container\"><img decoding=\"async\" class=\"qubely-image-image\" src=\"https:\/\/www.thestorefront.com\/mag\/wp-content\/uploads\/2020\/12\/cheap_space.jpg\" alt=\"\"\/><\/div><\/figure><\/div><\/div><\/div>\n<\/div><\/div>\n<\/div><\/div><\/div>\n<\/div><\/div>\n<\/div><\/div><\/div>\n\n\n\n<div class=\"wp-block-qubely-row alignfull qubely-section qubely-block-b50fcf\"><div class=\"qubely-row-overlay\"><\/div><div class=\"qubely-container\"><div class=\"qubely-row \">\n<div class=\"wp-block-qubely-column qubely-column qubely-column-front qubely-block-ef565e\"><div class=\"qubely-column-inner\">\n<div class=\"wp-block-qubely-heading qubely-block-7d13a6\"><div class=\"qubely-block-heading  \"><div class=\"qubely-heading-container\"><h2 class=\"qubely-heading-selector\">Boostez vos efforts<br>Obtenez le guide<\/h2><\/div><\/div><\/div>\n\n\n\n<div class=\"wp-block-qubely-button qubely-block-636d36\"><div class=\"qubely-block-btn-wrapper \"><div class=\"qubely-block-btn\"><a class=\"qubely-block-btn-anchor is-custom\" href=\"https:\/\/storefront.formaloo.me\/1hopbi\">DONNEZ-MOI LE GUIDE!<\/a><\/div><\/div><\/div>\n<\/div><\/div>\n<\/div><\/div><\/div>\n\n\n\n<p><\/p>\n","protected":false},"excerpt":{"rendered":"","protected":false},"author":67,"featured_media":0,"parent":14760,"menu_order":0,"comment_status":"closed","ping_status":"closed","template":"qubely_full_width","meta":{"qubely_global_settings":"","qubely_interactions":"","content-type":"","inline_featured_image":false,"site-sidebar-layout":"default","site-content-layout":"default","ast-site-content-layout":"default","site-content-style":"default","site-sidebar-style":"default","ast-global-header-display":"","ast-banner-title-visibility":"","ast-main-header-display":"","ast-hfb-above-header-display":"","ast-hfb-below-header-display":"","ast-hfb-mobile-header-display":"","site-post-title":"","ast-breadcrumbs-content":"","ast-featured-img":"","footer-sml-layout":"","theme-transparent-header-meta":"default","adv-header-id-meta":"","stick-header-meta":"default","header-above-stick-meta":"","header-main-stick-meta":"","header-below-stick-meta":"","astra-migrate-meta-layouts":"set","ast-page-background-enabled":"default","ast-page-background-meta":{"desktop":{"background-color":"","background-image":"","background-repeat":"repeat","background-position":"center center","background-size":"auto","background-attachment":"scroll","background-type":"","background-media":"","overlay-type":"","overlay-color":"","overlay-opacity":"","overlay-gradient":""},"tablet":{"background-color":"","background-image":"","background-repeat":"repeat","background-position":"center center","background-size":"auto","background-attachment":"scroll","background-type":"","background-media":"","overlay-type":"","overlay-color":"","overlay-opacity":"","overlay-gradient":""},"mobile":{"background-color":"","background-image":"","background-repeat":"repeat","background-position":"center center","background-size":"auto","background-attachment":"scroll","background-type":"","background-media":"","overlay-type":"","overlay-color":"","overlay-opacity":"","overlay-gradient":""}},"ast-content-background-meta":{"desktop":{"background-color":"var(--ast-global-color-5)","background-image":"","background-repeat":"repeat","background-position":"center center","background-size":"auto","background-attachment":"scroll","background-type":"","background-media":"","overlay-type":"","overlay-color":"","overlay-opacity":"","overlay-gradient":""},"tablet":{"background-color":"var(--ast-global-color-5)","background-image":"","background-repeat":"repeat","background-position":"center center","background-size":"auto","background-attachment":"scroll","background-type":"","background-media":"","overlay-type":"","overlay-color":"","overlay-opacity":"","overlay-gradient":""},"mobile":{"background-color":"var(--ast-global-color-5)","background-image":"","background-repeat":"repeat","background-position":"center center","background-size":"auto","background-attachment":"scroll","background-type":"","background-media":"","overlay-type":"","overlay-color":"","overlay-opacity":"","overlay-gradient":""}},"footnotes":""},"class_list":["post-16238","page","type-page","status-publish","hentry"],"_links":{"self":[{"href":"https:\/\/www.thestorefront.com\/fr\/mag\/wp-json\/wp\/v2\/pages\/16238","targetHints":{"allow":["GET"]}}],"collection":[{"href":"https:\/\/www.thestorefront.com\/fr\/mag\/wp-json\/wp\/v2\/pages"}],"about":[{"href":"https:\/\/www.thestorefront.com\/fr\/mag\/wp-json\/wp\/v2\/types\/page"}],"author":[{"embeddable":true,"href":"https:\/\/www.thestorefront.com\/fr\/mag\/wp-json\/wp\/v2\/users\/67"}],"replies":[{"embeddable":true,"href":"https:\/\/www.thestorefront.com\/fr\/mag\/wp-json\/wp\/v2\/comments?post=16238"}],"version-history":[{"count":0,"href":"https:\/\/www.thestorefront.com\/fr\/mag\/wp-json\/wp\/v2\/pages\/16238\/revisions"}],"up":[{"embeddable":true,"href":"https:\/\/www.thestorefront.com\/fr\/mag\/wp-json\/wp\/v2\/pages\/14760"}],"wp:attachment":[{"href":"https:\/\/www.thestorefront.com\/fr\/mag\/wp-json\/wp\/v2\/media?parent=16238"}],"curies":[{"name":"wp","href":"https:\/\/api.w.org\/{rel}","templated":true}]}}