{"id":17676,"date":"2019-04-26T20:05:58","date_gmt":"2019-04-26T20:05:58","guid":{"rendered":"https:\/\/www.thestorefront.com\/mag\/go\/presse\/storefront-named-2019-lvmh-innovation-awards-finalist\/"},"modified":"2026-01-29T23:55:10","modified_gmt":"2026-01-29T23:55:10","slug":"storefront-named-2019-lvmh-innovation-awards-finalist","status":"publish","type":"page","link":"https:\/\/www.thestorefront.com\/fr\/go\/presse\/storefront-named-2019-lvmh-innovation-awards-finalist\/","title":{"rendered":"SPACE TO POP FINALISTE DU LVMH INNOVATION AWARD 2019 \u00c0 PARIS"},"content":{"rendered":"\n<div class=\"wp-block-qubely-row alignfull qubely-section qubely-block-95609e\"><div class=\"qubely-row-overlay\"><\/div><div class=\"qubely-container\"><div class=\"qubely-row \">\n<div class=\"wp-block-qubely-column qubely-column qubely-column-front qubely-block-2c6a70\"><div class=\"qubely-column-inner\">\n<div class=\"wp-block-qubely-text qubely-block-d3959b\"><div class=\"qubely-block-text  \"><div class=\"qubely-block-text-title-container  qubely-separator-position-top\"><div class=\"qubely-block-text-title-inner\"><h1 class=\"qubely-block-text-title\">Space to Pop Pressroom<\/h1><\/div><div class=\"qubely-block-text-sub-title-container\"><h3 class=\"qubely-block-text-sub-title\">&nbsp;<\/h3><\/div><\/div><p>&nbsp;<\/p><\/div><\/div>\n\n\n\n<div style=\"height:40px\" aria-hidden=\"true\" class=\"wp-block-spacer\"><\/div>\n<\/div><\/div>\n<\/div><\/div><\/div>\n\n\n\n<div class=\"wp-block-qubely-row qubely-section qubely-block-0ee263\"><div class=\"qubely-row-overlay\"><\/div><div class=\"qubely-container\"><div class=\"qubely-row \">\n<div class=\"wp-block-qubely-column qubely-column qubely-column-front qubely-block-9f205b\"><div class=\"qubely-column-inner\">\n<div class=\"wp-block-qubely-buttongroup qubely-block-5d0a86\"><div class=\"qubely-block-button-group \">\n<div class=\"wp-block-qubely-button qubely-block-381fb5 qubely-group-button\"><div class=\"qubely-block-btn-wrapper \"><div class=\"qubely-block-btn\"><a class=\"qubely-block-btn-anchor is-large\" href=\"https:\/\/www.thestorefront.com\/fr\/go\/press-coverage\/\"><strong>Press Coverage<\/strong><\/a><\/div><\/div><\/div>\n\n\n\n<div class=\"wp-block-qubely-button qubely-block-9e5a82 qubely-group-button\"><div class=\"qubely-block-btn-wrapper \"><div class=\"qubely-block-btn\"><a class=\"qubely-block-btn-anchor is-large\" href=\"https:\/\/www.thestorefront.com\/fr\/go\/presse\/\"><strong>Press Releases<\/strong><\/a><\/div><\/div><\/div>\n\n\n\n<div class=\"wp-block-qubely-button qubely-block-8c600b\"><div class=\"qubely-block-btn-wrapper \"><div class=\"qubely-block-btn\"><a class=\"qubely-block-btn-anchor is-large\" href=\"https:\/\/www.thestorefront.com\/fr\/go\/ressources-presse\/\"><strong>Press Kit<\/strong><\/a><\/div><\/div><\/div>\n<\/div><\/div>\n<\/div><\/div>\n<\/div><\/div><\/div>\n\n\n\n<div class=\"wp-block-qubely-row qubely-section qubely-block-497497\"><div class=\"qubely-row-overlay\"><\/div><div class=\"qubely-container\"><div class=\"qubely-row \">\n<div class=\"wp-block-qubely-column qubely-column qubely-column-front qubely-block-6397b4\"><div class=\"qubely-column-inner\">\n<div class=\"wp-block-qubely-wrapper qubely-block-84f12f\"><div class=\"qubely-block-wrapper-block \">\n<div class=\"wp-block-qubely-row qubely-section qubely-block-deb966\"><div class=\"qubely-row-overlay\"><\/div><div class=\"qubely-container-fluid\"><div class=\"qubely-row \">\n<div class=\"wp-block-qubely-column qubely-column qubely-column-front qubely-block-d3c243\"><div class=\"qubely-column-inner\">\n<div class=\"wp-block-qubely-heading qubely-block-0c41ce\"><div class=\"qubely-block-heading  \"><div class=\"qubely-heading-container\"><h2 class=\"qubely-heading-selector\">Press Release<br><\/h2><\/div><\/div><\/div>\n<\/div><\/div>\n\n\n\n<div class=\"wp-block-qubely-column qubely-column qubely-column-front qubely-block-0277b0\"><div class=\"qubely-column-inner\">\n<div class=\"wp-block-qubely-heading qubely-block-9f05d0\"><div class=\"qubely-block-heading  \"><div class=\"qubely-heading-container\"><h3 class=\"qubely-heading-selector\">Vendredi 26 avril 2019<\/h3><\/div><\/div><\/div>\n<\/div><\/div>\n<\/div><\/div><\/div>\n\n\n\n<div style=\"height:70px\" aria-hidden=\"true\" class=\"wp-block-spacer\"><\/div>\n\n\n\n<h3 class=\"wp-block-heading has-text-align-center\" id=\"h-storefront-finaliste-du-lvmh-innovation-award-2019-paris\">SPACE TO POP FINALISTE DU LVMH INNOVATION AWARD 2019 \u00c0 PARIS<\/h3>\n\n\n\n<h4 class=\"wp-block-heading has-text-align-center\" id=\"h-le-prix-sera-d-cern-lors-du-salon-viva-technology-rendez-vous-mondial-des-start-ups-et-leaders-de-l-innovation-du-16-au-18-mai-2019\"><em><strong>Le prix sera d\u00e9cern\u00e9 lors du salon Viva Technology, rendez-vous mondial des start-ups et leaders de l\u2019innovation, du 16 au 18 mai 2019.<\/strong><\/em><\/h4>\n\n\n\n<p>Paris, le 3 Avril, 2019<\/p>\n\n\n\n<p>Space to Pop, leader mondial sur le march\u00e9 de la location \u00e9ph\u00e9m\u00e8re d\u2019espaces commerciaux,&nbsp;vient d&rsquo;\u00eatre s\u00e9lectionn\u00e9 parmi un grand nombre de candidatures par le <strong>groupe LVMH<\/strong> pour l&rsquo;accompagner lors du <strong>LVMH Innovation Award 2019<\/strong>.<\/p>\n\n\n\n<p>Les<strong> 16, 17 et 18 mai<\/strong> prochains aura lieu le rendez-vous mondial des start-ups et leaders de l\u2019Innovation, <strong>Viva Technology<\/strong>. Le Groupe LVMH souhaite cette ann\u00e9e r\u00e9compenser le finaliste qui r\u00e9pondra au mieux \u00e0 la th\u00e9matique suivante : <strong>\u00ab Crafting the customer experience of tomorrow \u00bb<\/strong><em>.<\/em> Les 30 startups participantes auront l\u2019occasion de pr\u00e9senter leur conception de l\u2019exp\u00e9rience client de demain aux professionnels du secteur et au grand public.<\/p>\n\n\n\n<p><strong>Mohamed Haouache, CEO et fondateur de Space to Pop<\/strong>, connait parfaitement les enjeux d\u2019une exp\u00e9rience retail r\u00e9ussie : &nbsp;<em>\u201c<\/em><em>Les marques doivent r\u00e9-enchanter le consommateur et le divertir afin de retrouver du sens \u00e0 ses yeux. L\u2019ouverture d\u2019un Pop-Up Store permet aux marques d\u2019<\/em><em>acqu\u00e9rir de nouveaux clients et de faire red\u00e9couvrir leur concept gr\u00e2ce \u00e0 des exp\u00e9riences immersives et divertissantes. Le client n\u2019est plus seulement consommateur, il devient acteur et se sent impliqu\u00e9 dans la vie des marques qu\u2019il aime.<\/em><em>\u201d<\/em><\/p>\n\n\n\n<p>VivaTech est le rendez-vous mondial des startups et des leaders pour c\u00e9l\u00e9brer l&rsquo;Innovation. Retrouvez sur place des innovations exceptionnelles, les startups et grands groupes qui fa\u00e7onnent le monde de demain. <strong>Space to Pop sera pr\u00e9sent sur le stand J30-025 du Luxury Lab LVMH lors du salon VivaTechnology le 16, 17 et 18 mai 2019.<\/strong><\/p>\n\n\n\n<p><strong>\u00c0 Propos<\/strong><\/p>\n\n\n\n<p>Space to Pop est le leader mondial de la location d\u2019espaces \u00e9ph\u00e9m\u00e8res commerciaux. Notre mission est d\u2019offrir des espaces en location courte dur\u00e9e dans les meilleurs quartiers des plus grandes villes du monde.<\/p>\n\n\n\n<p>En tant que marketplace, nous permettons aux marques d\u2019importer leurs id\u00e9es dans n\u2019importe quel coin du monde. Space to Pop d\u00e9mocratise ainsi l\u2019acc\u00e8s \u00e0 l\u2019immobilier commercial et rend possible l\u2019organisation d\u2019\u00e9v\u00e9nements et la cr\u00e9ation de pop-up stores dans le monde entier.<\/p>\n\n\n\n<p>Notre plateforme r\u00e9f\u00e9rence plus de 10.000 locaux commerciaux, ce qui repr\u00e9sente plus de 30 million de m\u00e8tres carr\u00e9s d\u2019espaces \u00e9ph\u00e9m\u00e8res r\u00e9partis dans le monde entier, New York, Paris, Londres, Milan, Hong Kong , Amsterdam, Los Angeles et San Francisco. Depuis notre lancement en 2014, nous avons aid\u00e9 de nombreuses marques \u00e0 lancer leur pop-up stores \u00e0 travers le monde comme, Google, Samsung, L\u2019Or\u00e9al, Everlane, Shopify, Indiegogo.<\/p>\n\n\n\n<p>www.thestorefront.com\/fr<\/p>\n\n\n\n<p>Zo\u00e9 Hopgood<br>Marketing &amp; Communications coordinator<br>zhopgood@thestorefront.com<\/p>\n<\/div><\/div>\n<\/div><\/div>\n<\/div><\/div><\/div>\n\n\n\n<div class=\"wp-block-qubely-row qubely-section qubely-block-b550c3\"><div class=\"qubely-row-overlay\"><\/div><div class=\"qubely-container\"><div class=\"qubely-row \">\n<div class=\"wp-block-qubely-column qubely-column qubely-column-front qubely-block-291d84\"><div class=\"qubely-column-inner\">\n<div class=\"wp-block-qubely-wrapper qubely-block-b54ce7\"><div class=\"qubely-block-wrapper-block \">\n<div class=\"wp-block-qubely-row alignfull qubely-section qubely-block-bd11fa\"><div class=\"qubely-row-overlay\"><\/div><div class=\"qubely-container-fluid\"><div class=\"qubely-row \">\n<div class=\"wp-block-qubely-column qubely-column qubely-column-front qubely-block-e33f1d\"><div class=\"qubely-column-inner\">\n<div class=\"wp-block-qubely-image qubely-block-476465\"><div class=\"qubely-block-image  qubely-image-layout-simple\"><div class=\"qubely-image-media qubely-vertical-alignment-center qubely-horizontal-alignment-center\"><figure><div class=\"qubely-image-container\"><img decoding=\"async\" class=\"qubely-image-image\" src=\"https:\/\/www.thestorefront.com\/mag\/wp-content\/uploads\/2018\/12\/storefront-magazine-yellow-e1586961577831.png\" alt=\"\"\/><\/div><\/figure><\/div><\/div><\/div>\n<\/div><\/div>\n\n\n\n<div class=\"wp-block-qubely-column qubely-column qubely-column-front qubely-block-fc946e\"><div class=\"qubely-column-inner\">\n<div class=\"wp-block-qubely-text qubely-block-03930f\"><div class=\"qubely-block-text  \"><div class=\"qubely-block-text-title-container  qubely-separator-position-top\"><div class=\"qubely-block-text-title-inner\"><h2 class=\"qubely-block-text-title\">Space to Pop newsletter<\/h2><\/div><\/div><p>Inscrivez-vous \u00e0 notre newsletter et restez au courant des derni\u00e8res tendances en mati\u00e8re de lieux et obtenez des conseils sp\u00e9cifiques au secteur pour faire de votre projet pop-up un v\u00e9ritable succ\u00e8s.<\/p><\/div><\/div>\n\n\n<p><!--[if lte IE 8]>\n<script charset=\"utf-8\" type=\"text\/javascript\" src=\"\/\/js.hsforms.net\/forms\/v2-legacy.js\"><\/script>\n<![endif]--><br \/>\n<script charset=\"utf-8\" type=\"text\/javascript\" src=\"\/\/js.hsforms.net\/forms\/v2.js\"><\/script><br \/>\n<script>\n  hbspt.forms.create({\n\tportalId: \"6786763\",\n\tformId: \"4405f2d5-f2a8-4f75-9071-3e510434e1dc\"\n});\n<\/script><\/p>\n<\/div><\/div>\n<\/div><\/div><\/div>\n<\/div><\/div>\n<\/div><\/div>\n<\/div><\/div><\/div>\n","protected":false},"excerpt":{"rendered":"","protected":false},"author":37,"featured_media":0,"parent":11665,"menu_order":0,"comment_status":"closed","ping_status":"closed","template":"","meta":{"qubely_global_settings":"","qubely_interactions":"","content-type":"","inline_featured_image":false,"site-sidebar-layout":"default","site-content-layout":"","ast-site-content-layout":"default","site-content-style":"default","site-sidebar-style":"default","ast-global-header-display":"","ast-banner-title-visibility":"","ast-main-header-display":"","ast-hfb-above-header-display":"","ast-hfb-below-header-display":"","ast-hfb-mobile-header-display":"","site-post-title":"","ast-breadcrumbs-content":"","ast-featured-img":"","footer-sml-layout":"","theme-transparent-header-meta":"","adv-header-id-meta":"","stick-header-meta":"","header-above-stick-meta":"","header-main-stick-meta":"","header-below-stick-meta":"","astra-migrate-meta-layouts":"set","ast-page-background-enabled":"default","ast-page-background-meta":{"desktop":{"background-color":"","background-image":"","background-repeat":"repeat","background-position":"center center","background-size":"auto","background-attachment":"scroll","background-type":"","background-media":"","overlay-type":"","overlay-color":"","overlay-opacity":"","overlay-gradient":""},"tablet":{"background-color":"","background-image":"","background-repeat":"repeat","background-position":"center center","background-size":"auto","background-attachment":"scroll","background-type":"","background-media":"","overlay-type":"","overlay-color":"","overlay-opacity":"","overlay-gradient":""},"mobile":{"background-color":"","background-image":"","background-repeat":"repeat","background-position":"center center","background-size":"auto","background-attachment":"scroll","background-type":"","background-media":"","overlay-type":"","overlay-color":"","overlay-opacity":"","overlay-gradient":""}},"ast-content-background-meta":{"desktop":{"background-color":"var(--ast-global-color-5)","background-image":"","background-repeat":"repeat","background-position":"center center","background-size":"auto","background-attachment":"scroll","background-type":"","background-media":"","overlay-type":"","overlay-color":"","overlay-opacity":"","overlay-gradient":""},"tablet":{"background-color":"var(--ast-global-color-5)","background-image":"","background-repeat":"repeat","background-position":"center center","background-size":"auto","background-attachment":"scroll","background-type":"","background-media":"","overlay-type":"","overlay-color":"","overlay-opacity":"","overlay-gradient":""},"mobile":{"background-color":"var(--ast-global-color-5)","background-image":"","background-repeat":"repeat","background-position":"center center","background-size":"auto","background-attachment":"scroll","background-type":"","background-media":"","overlay-type":"","overlay-color":"","overlay-opacity":"","overlay-gradient":""}},"footnotes":""},"class_list":["post-17676","page","type-page","status-publish","hentry"],"_links":{"self":[{"href":"https:\/\/www.thestorefront.com\/fr\/mag\/wp-json\/wp\/v2\/pages\/17676","targetHints":{"allow":["GET"]}}],"collection":[{"href":"https:\/\/www.thestorefront.com\/fr\/mag\/wp-json\/wp\/v2\/pages"}],"about":[{"href":"https:\/\/www.thestorefront.com\/fr\/mag\/wp-json\/wp\/v2\/types\/page"}],"author":[{"embeddable":true,"href":"https:\/\/www.thestorefront.com\/fr\/mag\/wp-json\/wp\/v2\/users\/37"}],"replies":[{"embeddable":true,"href":"https:\/\/www.thestorefront.com\/fr\/mag\/wp-json\/wp\/v2\/comments?post=17676"}],"version-history":[{"count":0,"href":"https:\/\/www.thestorefront.com\/fr\/mag\/wp-json\/wp\/v2\/pages\/17676\/revisions"}],"up":[{"embeddable":true,"href":"https:\/\/www.thestorefront.com\/fr\/mag\/wp-json\/wp\/v2\/pages\/11665"}],"wp:attachment":[{"href":"https:\/\/www.thestorefront.com\/fr\/mag\/wp-json\/wp\/v2\/media?parent=17676"}],"curies":[{"name":"wp","href":"https:\/\/api.w.org\/{rel}","templated":true}]}}