{"id":17664,"date":"2019-01-08T20:14:11","date_gmt":"2019-01-08T20:14:11","guid":{"rendered":"https:\/\/www.thestorefront.com\/mag\/?page_id=17664"},"modified":"2021-01-04T10:23:51","modified_gmt":"2021-01-04T10:23:51","slug":"storefront-teams-up-with-south-korean-leading-retail-firm-kcent-to-expand-its-short-term-marketplace-presence-in-asia","status":"publish","type":"page","link":"https:\/\/www.thestorefront.com\/go\/press-releases\/storefront-teams-up-with-south-korean-leading-retail-firm-kcent-to-expand-its-short-term-marketplace-presence-in-asia\/","title":{"rendered":"Storefront teams up with South-Korean leading retail firm Kcent to expand its short-term marketplace presence in Asia"},"content":{"rendered":"\n<div class=\"wp-block-qubely-row alignfull qubely-section qubely-block-bb4be2\"><div class=\"qubely-row-overlay\"><\/div><div class=\"qubely-container\"><div class=\"qubely-row \">\n<div class=\"wp-block-qubely-column qubely-column qubely-column-front qubely-block-436172\"><div class=\"qubely-column-inner\">\n<div class=\"wp-block-qubely-text qubely-block-0c71e1\"><div class=\"qubely-block-text  \"><div class=\"qubely-block-text-title-container  qubely-separator-position-top\"><div class=\"qubely-block-text-title-inner\"><h1 class=\"qubely-block-text-title\">Storefront Pressroom<\/h1><\/div><div class=\"qubely-block-text-sub-title-container\"><h3 class=\"qubely-block-text-sub-title\"><\/h3><\/div><\/div><p><\/p><\/div><\/div>\n\n\n\n<div style=\"height:40px\" aria-hidden=\"true\" class=\"wp-block-spacer\"><\/div>\n<\/div><\/div>\n<\/div><\/div><\/div>\n\n\n\n<div class=\"wp-block-qubely-row qubely-section qubely-block-e9f85d\"><div class=\"qubely-row-overlay\"><\/div><div class=\"qubely-container\"><div class=\"qubely-row \">\n<div class=\"wp-block-qubely-column qubely-column qubely-column-front qubely-block-07f591\"><div class=\"qubely-column-inner\">\n<div class=\"wp-block-qubely-buttongroup qubely-block-dec7e7\"><div class=\"qubely-block-button-group \">\n<div class=\"wp-block-qubely-button qubely-block-381fb5 qubely-group-button\"><div class=\"qubely-block-btn-wrapper \"><div class=\"qubely-block-btn\"><a class=\"qubely-block-btn-anchor is-large\" href=\"https:\/\/www.thestorefront.com\/go\/press-coverage\/\"><strong>Press Coverage<\/strong><\/a><\/div><\/div><\/div>\n\n\n\n<div class=\"wp-block-qubely-button qubely-block-9e5a82 qubely-group-button\"><div class=\"qubely-block-btn-wrapper \"><div class=\"qubely-block-btn\"><a class=\"qubely-block-btn-anchor is-large\" href=\"https:\/\/www.thestorefront.com\/go\/press-releases\/\"><strong>Press Releases<\/strong><\/a><\/div><\/div><\/div>\n\n\n\n<div class=\"wp-block-qubely-button qubely-block-0bb8c4\"><div class=\"qubely-block-btn-wrapper \"><div class=\"qubely-block-btn\"><a class=\"qubely-block-btn-anchor is-large\" href=\"https:\/\/www.thestorefront.com\/go\/press-kit\/\"><strong>Press Kit<\/strong><\/a><\/div><\/div><\/div>\n<\/div><\/div>\n<\/div><\/div>\n<\/div><\/div><\/div>\n\n\n\n<div class=\"wp-block-qubely-row qubely-section qubely-block-a3b743\"><div class=\"qubely-row-overlay\"><\/div><div class=\"qubely-container\"><div class=\"qubely-row \">\n<div class=\"wp-block-qubely-column qubely-column qubely-column-front qubely-block-f99d4c\"><div class=\"qubely-column-inner\">\n<div class=\"wp-block-qubely-wrapper qubely-block-803f63\"><div class=\"qubely-block-wrapper-block \">\n<div class=\"wp-block-qubely-row qubely-section qubely-block-5f2ca8\"><div class=\"qubely-row-overlay\"><\/div><div class=\"qubely-container-fluid\"><div class=\"qubely-row \">\n<div class=\"wp-block-qubely-column qubely-column qubely-column-front qubely-block-d3bdfa\"><div class=\"qubely-column-inner\">\n<div class=\"wp-block-qubely-heading qubely-block-5c4c4b\"><div class=\"qubely-block-heading  \"><div class=\"qubely-heading-container\"><h2 class=\"qubely-heading-selector\">Press Release<br><\/h2><\/div><\/div><\/div>\n<\/div><\/div>\n\n\n\n<div class=\"wp-block-qubely-column qubely-column qubely-column-front qubely-block-9bc175\"><div class=\"qubely-column-inner\">\n<div class=\"wp-block-qubely-heading qubely-block-f39358\"><div class=\"qubely-block-heading  \"><div class=\"qubely-heading-container\"><h3 class=\"qubely-heading-selector\">Tuesday, January 8, 2019<\/h3><\/div><\/div><\/div>\n<\/div><\/div>\n<\/div><\/div><\/div>\n\n\n\n<div style=\"height:70px\" aria-hidden=\"true\" class=\"wp-block-spacer\"><\/div>\n\n\n\n<h3 class=\"has-text-align-center wp-block-heading\" id=\"h-storefront-teams-up-with-south-korean-leading-retail-firm-kcent-to-expand-its-short-term-marketplace-presence-in-asia\">Storefront teams up with South-Korean leading retail firm Kcent to expand its short-term marketplace presence in Asia<\/h3>\n\n\n\n<h4 class=\"has-text-align-center wp-block-heading\" id=\"h-it-s-an-exciting-time-for-entrepreneurs-e-commerce-companies-and-large-brands-in-south-korea-to-launch-pop-up-stores-as-retail-is-no-longer-about-buying-products-but-rather-it-s-about-providing-an-experience-that-consumers-delight-in-storefront-is-very-happy-to-build-with-k-cent-the-future-of-retail-by-making-it-more-engaging-more-transparent-and-more-productive\">It&#8217;s an exciting time for entrepreneurs, e-commerce companies and large brands in South Korea to launch pop-up stores. As retail is no longer about buying products but rather it&#8217;s about providing an experience that consumers delight in, Storefront is very happy to &nbsp;build with K-Cent the future of retail by making it more engaging, more transparent and more productive.<\/h4>\n\n\n\n<p>&#8212;<br>Storefront, the world\u2019s largest online marketplace for short-term retail space, has officially launched in Seoul in order to make the best retail spaces in South Korea accessible to retailers\u2019 best ideas.<\/p>\n\n\n\n<p>It&#8217;s an exciting time for entrepreneurs, e-commerce companies and large brands in South Korea to launch pop-up stores. As retail is no longer about buying products but rather it&#8217;s about providing an experience that consumers delight in, Storefront is very happy to build with K-Cent the future of retail by making it more engaging, more transparent and more productive.<\/p>\n\n\n\n<p>Retail vacancy rates in Korea are on the rise due to a prolonged recession, and more brands are diverting their interests from traditional retail to offer a quality experience to customers in the form of pop-up stores and short-term leases. Storefront has partnered with the Korean marketing and retail firm Kcent to register qualified spaces, sign up leading and emerging brands and give them tools to successfully market their short-term space. The Storefront innovative online maketplace will now offer plenty of spaces across Seoul available for pop-up stores, showrooms, and event spaces.<\/p>\n\n\n\n<p>Storefront maintains a global presence with thousands of quality retail spaces across the world\u2019s largest cities from Paris to London, New York and Hong Kong. This advantage unique global coverage any brand to pop-up in any location, test new markets and even launch simultaneously in more than one location worldwide.<\/p>\n\n\n\n<p>Retail sales in Korea totaled $343 billion in 2016, and this latest partnership in Seoul signals Storefront\u2019s break into this East Asian market with their brand, technology and insights combined with local talent and market expertise.<\/p>\n\n\n\n<p>\u201cKorea is APAC\u2019s 3rd largest retail market, and most of it is based in Seoul. Pop-up stores and other forms of short-term rentals are already creating a buzz in the trend-savvy Korean market. All we needed was a transparent and efficient marketplace like Storefront to leverage this trend.\u201d said Jin Yong Kim, Kcent\u2019s CTO.<\/p>\n\n\n\n<p>\u201cKorea has a unique culture and language barrier that make it hard for foreign brands to expand their business here. But if they have the right partner and know how to tell their story to Korean consumers, it can be a matter of a few days before they go viral.\u201d adds Jin.<\/p>\n\n\n\n<p>\u201cStorefront is redefining how companies can locate and activate temporary retail space with its global marketplace for connecting tenants and property owners in an efficient, flexible and transparent way. We are excited to partner with Kcent to bring our expertise to this fast-growing retail capital and introduce the benefits of pop-up stores to thousands of merchants looking to expand into Korea.\u201d said Beno\u00eet Cl\u00e9ment-Boll\u00e9e, General Manager, Storefront Asia .<\/p>\n\n\n\n<p>Examples of short-term spaces available on Storefront, in the heart of Seoul:<\/p>\n\n\n\n<p>Expansive gallery in Gangnam-Gu<\/p>\n\n\n\n<p>Modern pop-up store in Sungsoo<\/p>\n\n\n\n<p>Artistic event space in the heart of Insa-dong<\/p>\n\n\n\n<p>Trendy fashion showroom in Sungsoo<\/p>\n\n\n\n<p><strong>More about Storefront:<\/strong><\/p>\n\n\n\n<p>Storefront is the world&#8217;s largest marketplace for short-term retail spaces. The platform connects brands, e-commerce businesses and artists with space owners for temporary rentals. Storefront makes commercial real estate easily accessible for anyone looking to organize events and create pop-up stores around the world.<\/p>\n\n\n\n<p>Since its launch in 2014, Storefront has supported more than 100,000 brands across the world&#8217;s largest cities, from Paris to New York to Milan, London and Hong Kong. The platform now has the largest network of commercial spaces available for short-term rental with more than 10,000 listings.<\/p>\n\n\n\n<p>Website: www.thestorefront.com \/ www.thestorefront.com\/kr<\/p>\n\n\n\n<p>Instagram: storefront\/storefront_korea<\/p>\n\n\n\n<p><strong>More about Kcent:<\/strong><\/p>\n\n\n\n<p>Kcent is one of the most fast-moving retail companies in Korea. They designed, produced and marketed more than five successful lifestyle brands. The company boasts a robust marketing team which runs omni-channel marketing strategy both for its own brands and for major Korean corporations including Shinsaegae Duty Free, Dongdaemun Design Plaza (DDP) and SBS Mobidic.<\/p>\n\n\n\n<p>Kcent is also the distributor of Adore-Swarovski in Korea, and is cooperating with various partners to expand into the real estate and IT industry.<\/p>\n<\/div><\/div>\n<\/div><\/div>\n<\/div><\/div><\/div>\n\n\n\n<div class=\"wp-block-qubely-row qubely-section qubely-block-d55dc2\"><div class=\"qubely-row-overlay\"><\/div><div class=\"qubely-container\"><div class=\"qubely-row \">\n<div class=\"wp-block-qubely-column qubely-column qubely-column-front qubely-block-d6f56e\"><div class=\"qubely-column-inner\">\n<div class=\"wp-block-qubely-wrapper qubely-block-4ed0fc\"><div class=\"qubely-block-wrapper-block \">\n<div class=\"wp-block-qubely-row alignfull qubely-section qubely-block-3c1329\"><div class=\"qubely-row-overlay\"><\/div><div class=\"qubely-container-fluid\"><div class=\"qubely-row \">\n<div class=\"wp-block-qubely-column qubely-column qubely-column-front qubely-block-926911\"><div class=\"qubely-column-inner\">\n<div class=\"wp-block-qubely-image qubely-block-1da486\"><div class=\"qubely-block-image  qubely-image-layout-simple\"><div class=\"qubely-image-media qubely-vertical-alignment-center qubely-horizontal-alignment-center\"><figure><div class=\"qubely-image-container\"><img decoding=\"async\" class=\"qubely-image-image\" src=\"https:\/\/www.thestorefront.com\/mag\/wp-content\/uploads\/2018\/12\/storefront-magazine-yellow-e1586961577831.png\" alt=\"\"\/><\/div><\/figure><\/div><\/div><\/div>\n<\/div><\/div>\n\n\n\n<div class=\"wp-block-qubely-column qubely-column qubely-column-front qubely-block-7ec18e\"><div class=\"qubely-column-inner\">\n<div class=\"wp-block-qubely-text qubely-block-3b4c76\"><div class=\"qubely-block-text  \"><div class=\"qubely-block-text-title-container  qubely-separator-position-top\"><div class=\"qubely-block-text-title-inner\"><h2 class=\"qubely-block-text-title\">Storefront newsletter<\/h2><\/div><\/div><p>Subscribe to our newsletter and stay up-to-date on the latest trends in venues and get industry-specific tips on making your pop-up project a genuine success.<\/p><\/div><\/div>\n\n\n<p><!--[if lte IE 8]>\n<script charset=\"utf-8\" type=\"text\/javascript\" src=\"\/\/js.hsforms.net\/forms\/v2-legacy.js\"><\/script>\n<![endif]--><br \/>\n<script charset=\"utf-8\" type=\"text\/javascript\" src=\"\/\/js.hsforms.net\/forms\/v2.js\"><\/script><br \/>\n<script>\n  hbspt.forms.create({\n\tportalId: \"6786763\",\n\tformId: \"df81e553-e22a-4b9a-8713-f7cdde995c68\"\n});\n<\/script><\/p>\n<\/div><\/div>\n<\/div><\/div><\/div>\n<\/div><\/div>\n<\/div><\/div>\n<\/div><\/div><\/div>\n","protected":false},"excerpt":{"rendered":"","protected":false},"author":37,"featured_media":0,"parent":15601,"menu_order":0,"comment_status":"closed","ping_status":"closed","template":"landing-page-blocks-based.php","meta":{"qubely_global_settings":"","qubely_interactions":"","content-type":"","inline_featured_image":false,"site-sidebar-layout":"default","site-content-layout":"","ast-site-content-layout":"","site-content-style":"default","site-sidebar-style":"default","ast-global-header-display":"","ast-banner-title-visibility":"","ast-main-header-display":"","ast-hfb-above-header-display":"","ast-hfb-below-header-display":"","ast-hfb-mobile-header-display":"","site-post-title":"","ast-breadcrumbs-content":"","ast-featured-img":"","footer-sml-layout":"","theme-transparent-header-meta":"","adv-header-id-meta":"","stick-header-meta":"","header-above-stick-meta":"","header-main-stick-meta":"","header-below-stick-meta":"","astra-migrate-meta-layouts":"default","ast-page-background-enabled":"default","ast-page-background-meta":{"desktop":{"background-color":"","background-image":"","background-repeat":"repeat","background-position":"center center","background-size":"auto","background-attachment":"scroll","background-type":"","background-media":"","overlay-type":"","overlay-color":"","overlay-opacity":"","overlay-gradient":""},"tablet":{"background-color":"","background-image":"","background-repeat":"repeat","background-position":"center center","background-size":"auto","background-attachment":"scroll","background-type":"","background-media":"","overlay-type":"","overlay-color":"","overlay-opacity":"","overlay-gradient":""},"mobile":{"background-color":"","background-image":"","background-repeat":"repeat","background-position":"center center","background-size":"auto","background-attachment":"scroll","background-type":"","background-media":"","overlay-type":"","overlay-color":"","overlay-opacity":"","overlay-gradient":""}},"ast-content-background-meta":{"desktop":{"background-color":"var(--ast-global-color-5)","background-image":"","background-repeat":"repeat","background-position":"center center","background-size":"auto","background-attachment":"scroll","background-type":"","background-media":"","overlay-type":"","overlay-color":"","overlay-opacity":"","overlay-gradient":""},"tablet":{"background-color":"var(--ast-global-color-5)","background-image":"","background-repeat":"repeat","background-position":"center center","background-size":"auto","background-attachment":"scroll","background-type":"","background-media":"","overlay-type":"","overlay-color":"","overlay-opacity":"","overlay-gradient":""},"mobile":{"background-color":"var(--ast-global-color-5)","background-image":"","background-repeat":"repeat","background-position":"center center","background-size":"auto","background-attachment":"scroll","background-type":"","background-media":"","overlay-type":"","overlay-color":"","overlay-opacity":"","overlay-gradient":""}},"footnotes":""},"class_list":["post-17664","page","type-page","status-publish","hentry"],"_links":{"self":[{"href":"https:\/\/www.thestorefront.com\/mag\/wp-json\/wp\/v2\/pages\/17664","targetHints":{"allow":["GET"]}}],"collection":[{"href":"https:\/\/www.thestorefront.com\/mag\/wp-json\/wp\/v2\/pages"}],"about":[{"href":"https:\/\/www.thestorefront.com\/mag\/wp-json\/wp\/v2\/types\/page"}],"author":[{"embeddable":true,"href":"https:\/\/www.thestorefront.com\/mag\/wp-json\/wp\/v2\/users\/37"}],"replies":[{"embeddable":true,"href":"https:\/\/www.thestorefront.com\/mag\/wp-json\/wp\/v2\/comments?post=17664"}],"version-history":[{"count":0,"href":"https:\/\/www.thestorefront.com\/mag\/wp-json\/wp\/v2\/pages\/17664\/revisions"}],"up":[{"embeddable":true,"href":"https:\/\/www.thestorefront.com\/mag\/wp-json\/wp\/v2\/pages\/15601"}],"wp:attachment":[{"href":"https:\/\/www.thestorefront.com\/mag\/wp-json\/wp\/v2\/media?parent=17664"}],"curies":[{"name":"wp","href":"https:\/\/api.w.org\/{rel}","templated":true}]}}